{"id":11444,"date":"2021-09-23T03:28:41","date_gmt":"2021-09-23T03:28:41","guid":{"rendered":"https:\/\/rsb-projekte.de\/kkp-es\/blog\/"},"modified":"2024-03-21T09:43:02","modified_gmt":"2024-03-21T09:43:02","slug":"blog","status":"publish","type":"page","link":"https:\/\/kkpeters.es\/es\/blog\/","title":{"rendered":"Blog"},"content":{"rendered":"\t\t<div data-elementor-type=\"wp-page\" data-elementor-id=\"11444\" class=\"elementor elementor-11444 elementor-39\" data-elementor-post-type=\"page\">\n\t\t\t\t<div class=\"elementor-element elementor-element-f0c4136 e-flex e-con-boxed e-con e-parent\" data-id=\"f0c4136\" data-element_type=\"container\" data-e-type=\"container\">\n\t\t\t\t\t<div class=\"e-con-inner\">\n\t\t\t\t<div class=\"elementor-element elementor-element-883b278 elementor-widget elementor-widget-ct_heading\" data-id=\"883b278\" data-element_type=\"widget\" data-e-type=\"widget\" data-widget_type=\"ct_heading.default\">\n\t\t\t\t<div class=\"elementor-widget-container\">\n\t\t\t\t\t<div id=\"ct_heading-883b278\" class=\"ct-heading h-align- item-st-default highlight-style1\">\r\n  <div class=\"ct-heading--inner\"> \r\n    <div class=\"ct-inline-css\"  data-css=\"\r\n                            #ct_heading-883b278.ct-heading .item--sub-title span {\r\n                background-image: -webkit-gradient(linear, left top, left bottom, from(#2B336A), to(#1475F7));\r\n                background-image: -webkit-linear-gradient(to left, #2B336A, #1475F7);\r\n                background-image: -moz-linear-gradient(to left, #2B336A, #1475F7);\r\n                background-image: -ms-linear-gradient(to left, #2B336A, #1475F7);\r\n                background-image: -o-linear-gradient(to left, #2B336A, #1475F7);\r\n                background-image: linear-gradient(to left, #2B336A, #1475F7);\r\n                filter: progid:DXImageTransform.Microsoft.gradient(startColorStr='#2B336A', endColorStr='#1475F7');\r\n                background-color: transparent;\r\n                background-clip: text;\r\n                -o-background-clip: text;\r\n                -ms-background-clip: text;\r\n                -moz-background-clip: text;\r\n                -webkit-background-clip: text;\r\n                text-fill-color: transparent;\r\n                -o-text-fill-color: transparent;\r\n                -ms-text-fill-color: transparent;\r\n                -moz-text-fill-color: transparent;\r\n                -webkit-text-fill-color: transparent;\r\n            }\r\n                        \">\r\n    <\/div>\r\n      <div class=\"item--text-below\">\r\n      <div class=\"ct-inline-css\"  data-css=\"\r\n        \">\r\n      <\/div>\r\n          <\/div>\r\n  \r\n\t\t\t<div class=\"item--sub-title style-box-gr \" data-wow-delay=\"ms\">\r\n                        <span>\r\n                Refrigeraci\u00f3n y aire acondicionado en Mallorca            <\/span>\r\n                    <\/div>\r\n\t    <h3 class=\"item--title st-default \" data-wow-delay=\"ms\">\r\n        <span class=\"ct-text-inner\">        <cite class=\"ct-text-highlight\">\r\n            Su gu\u00eda         <\/cite>\r\n        para el aire acondicionado<\/span>    <\/h3>\r\n  <\/div>\r\n<\/div>\r\n\t\t\t\t<\/div>\n\t\t\t\t<\/div>\n\t\t\t\t<div class=\"elementor-element elementor-element-073d971 elementor-widget elementor-widget-ct_blog_grid\" data-id=\"073d971\" data-element_type=\"widget\" data-e-type=\"widget\" data-widget_type=\"ct_blog_grid.default\">\n\t\t\t\t<div class=\"elementor-widget-container\">\n\t\t\t\t\t\r\n<div id=\"ct_blog_grid-073d971\" class=\"ct-grid ct-blog-grid ct-blog-grid-layout1\" data-layout=\"masonry\" data-start-page=\"1\" data-max-pages=\"0\" data-total=\"0\" data-perpage=\"3\" data-next-link=\"https:\/\/kkpeters.es\/es\/wp-json\/wp\/v2\/pages\/11444\/page\/2\/\">\r\n    <div class=\"ct-grid-overlay\"><\/div>\r\n    \r\n    <div class=\"ct-grid-inner ct-grid-masonry row animate-time\" data-gutter=\"15\">\r\n                            <div class=\"grid-sizer col-xl-4 col-lg-4 col-md-4 col-sm-6 col-12\"><\/div>\r\n            <\/div>\r\n        <\/div>\t\t\t\t<\/div>\n\t\t\t\t<\/div>\n\t\t\t\t\t<\/div>\n\t\t\t\t<\/div>\n\t\t\t\t<\/div>\n\t\t","protected":false},"excerpt":{"rendered":"<p>Refrigeraci\u00f3n y aire acondicionado en Mallorca Su gu\u00eda para el aire acondicionado Juli 15, 2023 KKPeters SLU Deshalb ist eine effiziente Finca-Klimatisierung so wichtig f\u00fcr Ihre Lebensqualit\u00e4t Deshalb ist eine effiziente Finca-Klimatisierung so wichtig f\u00fcr Ihre Lebensqualit\u00e4t Read more Juli 15, 2023 KKPeters SLU W\u00e4rmepumpen auf Mallorca: Ihre All-in-One L\u00f6sung f\u00fcr 365 Tage Lebensqualit\u00e4t in [&hellip;]<\/p>\n","protected":false},"author":1,"featured_media":0,"parent":0,"menu_order":0,"comment_status":"closed","ping_status":"closed","template":"","meta":{"om_disable_all_campaigns":false,"_monsterinsights_skip_tracking":false,"_monsterinsights_sitenote_active":false,"_monsterinsights_sitenote_note":"","_monsterinsights_sitenote_category":0,"footnotes":""},"class_list":["post-11444","page","type-page","status-publish","hentry"],"aioseo_notices":[],"aioseo_head":"\n\t\t<!-- All in One SEO Pro 4.9.6.2 - aioseo.com -->\n\t<meta name=\"description\" content=\"Refrigeraci\u00f3n y aire acondicionado en Mallorca Su gu\u00eda para el aire acondicionado\" \/>\n\t<meta name=\"robots\" content=\"max-image-preview:large\" \/>\n\t<link rel=\"canonical\" href=\"https:\/\/kkpeters.es\/es\/blog\/\" \/>\n\t<meta name=\"generator\" content=\"All in One SEO Pro (AIOSEO) 4.9.6.2\" \/>\n\t\t<meta property=\"og:locale\" content=\"es_ES\" \/>\n\t\t<meta property=\"og:site_name\" content=\"Mallorca - K\u00e4lte-Klima-Peters GmbH\" \/>\n\t\t<meta property=\"og:type\" content=\"article\" \/>\n\t\t<meta property=\"og:title\" content=\"Blog - Mallorca\" \/>\n\t\t<meta property=\"og:description\" content=\"Refrigeraci\u00f3n y aire acondicionado en Mallorca Su gu\u00eda para el aire acondicionado\" \/>\n\t\t<meta property=\"og:url\" content=\"https:\/\/kkpeters.es\/es\/blog\/\" \/>\n\t\t<meta property=\"og:image\" content=\"https:\/\/kkpeters.es\/wp-content\/uploads\/2024\/03\/LOGO-white-2024-1-1.png\" \/>\n\t\t<meta property=\"og:image:secure_url\" content=\"https:\/\/kkpeters.es\/wp-content\/uploads\/2024\/03\/LOGO-white-2024-1-1.png\" \/>\n\t\t<meta property=\"og:image:width\" content=\"353\" \/>\n\t\t<meta property=\"og:image:height\" content=\"163\" \/>\n\t\t<meta property=\"article:published_time\" content=\"2021-09-23T03:28:41+00:00\" \/>\n\t\t<meta property=\"article:modified_time\" content=\"2024-03-21T09:43:02+00:00\" \/>\n\t\t<meta name=\"twitter:card\" content=\"summary_large_image\" \/>\n\t\t<meta name=\"twitter:title\" content=\"Blog - Mallorca\" \/>\n\t\t<meta name=\"twitter:description\" content=\"Refrigeraci\u00f3n y aire acondicionado en Mallorca Su gu\u00eda para el aire acondicionado\" \/>\n\t\t<meta name=\"twitter:image\" content=\"https:\/\/kkpeters.es\/wp-content\/uploads\/2024\/03\/LOGO-white-2024-1-1.png\" \/>\n\t\t<script type=\"application\/ld+json\" class=\"aioseo-schema\">\n\t\t\t{\"@context\":\"https:\\\/\\\/schema.org\",\"@graph\":[{\"@type\":\"BreadcrumbList\",\"@id\":\"https:\\\/\\\/kkpeters.es\\\/es\\\/blog\\\/#breadcrumblist\",\"itemListElement\":[{\"@type\":\"ListItem\",\"@id\":\"https:\\\/\\\/kkpeters.es\\\/es\\\/#listItem\",\"position\":1,\"name\":\"Zu Hause\",\"item\":\"https:\\\/\\\/kkpeters.es\\\/es\\\/\",\"nextItem\":{\"@type\":\"ListItem\",\"@id\":\"https:\\\/\\\/kkpeters.es\\\/es\\\/blog\\\/#listItem\",\"name\":\"Blog\"}},{\"@type\":\"ListItem\",\"@id\":\"https:\\\/\\\/kkpeters.es\\\/es\\\/blog\\\/#listItem\",\"position\":2,\"name\":\"Blog\",\"previousItem\":{\"@type\":\"ListItem\",\"@id\":\"https:\\\/\\\/kkpeters.es\\\/es\\\/#listItem\",\"name\":\"Zu Hause\"}}]},{\"@type\":\"Organization\",\"@id\":\"https:\\\/\\\/kkpeters.es\\\/es\\\/#organization\",\"name\":\"K\\u00e4lte Klima Peters - Mallorca\",\"description\":\"K\\u00e4lte-Klima-Peters GmbH\",\"url\":\"https:\\\/\\\/kkpeters.es\\\/es\\\/\",\"telephone\":\"+34971651805\",\"logo\":{\"@type\":\"ImageObject\",\"url\":\"https:\\\/\\\/kkpeters.es\\\/wp-content\\\/uploads\\\/2024\\\/03\\\/LOGO-white-2024-1-1.png\",\"@id\":\"https:\\\/\\\/kkpeters.es\\\/es\\\/blog\\\/#organizationLogo\",\"width\":353,\"height\":163,\"caption\":\"image\"},\"image\":{\"@id\":\"https:\\\/\\\/kkpeters.es\\\/es\\\/blog\\\/#organizationLogo\"}},{\"@type\":\"WebPage\",\"@id\":\"https:\\\/\\\/kkpeters.es\\\/es\\\/blog\\\/#webpage\",\"url\":\"https:\\\/\\\/kkpeters.es\\\/es\\\/blog\\\/\",\"name\":\"Blog - Mallorca\",\"description\":\"Refrigeraci\\u00f3n y aire acondicionado en Mallorca Su gu\\u00eda para el aire acondicionado\",\"inLanguage\":\"es-ES\",\"isPartOf\":{\"@id\":\"https:\\\/\\\/kkpeters.es\\\/es\\\/#website\"},\"breadcrumb\":{\"@id\":\"https:\\\/\\\/kkpeters.es\\\/es\\\/blog\\\/#breadcrumblist\"},\"datePublished\":\"2021-09-23T03:28:41+00:00\",\"dateModified\":\"2024-03-21T09:43:02+00:00\"},{\"@type\":\"WebSite\",\"@id\":\"https:\\\/\\\/kkpeters.es\\\/es\\\/#website\",\"url\":\"https:\\\/\\\/kkpeters.es\\\/es\\\/\",\"name\":\"Mallorca\",\"description\":\"K\\u00e4lte-Klima-Peters GmbH\",\"inLanguage\":\"es-ES\",\"publisher\":{\"@id\":\"https:\\\/\\\/kkpeters.es\\\/es\\\/#organization\"}}]}\n\t\t<\/script>\n\t\t<!-- All in One SEO Pro -->\r\n\t\t<title>Blog - Mallorca<\/title>\n\n","aioseo_head_json":{"title":"Blog - Mallorca","description":"Refrigeraci\u00f3n y aire acondicionado en Mallorca Su gu\u00eda para el aire acondicionado","canonical_url":"https:\/\/kkpeters.es\/es\/blog\/","robots":"max-image-preview:large","keywords":"","webmasterTools":{"miscellaneous":""},"schema":{"@context":"https:\/\/schema.org","@graph":[{"@type":"BreadcrumbList","@id":"https:\/\/kkpeters.es\/es\/blog\/#breadcrumblist","itemListElement":[{"@type":"ListItem","@id":"https:\/\/kkpeters.es\/es\/#listItem","position":1,"name":"Zu Hause","item":"https:\/\/kkpeters.es\/es\/","nextItem":{"@type":"ListItem","@id":"https:\/\/kkpeters.es\/es\/blog\/#listItem","name":"Blog"}},{"@type":"ListItem","@id":"https:\/\/kkpeters.es\/es\/blog\/#listItem","position":2,"name":"Blog","previousItem":{"@type":"ListItem","@id":"https:\/\/kkpeters.es\/es\/#listItem","name":"Zu Hause"}}]},{"@type":"Organization","@id":"https:\/\/kkpeters.es\/es\/#organization","name":"K\u00e4lte Klima Peters - Mallorca","description":"K\u00e4lte-Klima-Peters GmbH","url":"https:\/\/kkpeters.es\/es\/","telephone":"+34971651805","logo":{"@type":"ImageObject","url":"https:\/\/kkpeters.es\/wp-content\/uploads\/2024\/03\/LOGO-white-2024-1-1.png","@id":"https:\/\/kkpeters.es\/es\/blog\/#organizationLogo","width":353,"height":163,"caption":"image"},"image":{"@id":"https:\/\/kkpeters.es\/es\/blog\/#organizationLogo"}},{"@type":"WebPage","@id":"https:\/\/kkpeters.es\/es\/blog\/#webpage","url":"https:\/\/kkpeters.es\/es\/blog\/","name":"Blog - Mallorca","description":"Refrigeraci\u00f3n y aire acondicionado en Mallorca Su gu\u00eda para el aire acondicionado","inLanguage":"es-ES","isPartOf":{"@id":"https:\/\/kkpeters.es\/es\/#website"},"breadcrumb":{"@id":"https:\/\/kkpeters.es\/es\/blog\/#breadcrumblist"},"datePublished":"2021-09-23T03:28:41+00:00","dateModified":"2024-03-21T09:43:02+00:00"},{"@type":"WebSite","@id":"https:\/\/kkpeters.es\/es\/#website","url":"https:\/\/kkpeters.es\/es\/","name":"Mallorca","description":"K\u00e4lte-Klima-Peters GmbH","inLanguage":"es-ES","publisher":{"@id":"https:\/\/kkpeters.es\/es\/#organization"}}]},"og:locale":"es_ES","og:site_name":"Mallorca - K\u00e4lte-Klima-Peters GmbH","og:type":"article","og:title":"Blog - Mallorca","og:description":"Refrigeraci\u00f3n y aire acondicionado en Mallorca Su gu\u00eda para el aire acondicionado","og:url":"https:\/\/kkpeters.es\/es\/blog\/","og:image":"https:\/\/kkpeters.es\/wp-content\/uploads\/2024\/03\/LOGO-white-2024-1-1.png","og:image:secure_url":"https:\/\/kkpeters.es\/wp-content\/uploads\/2024\/03\/LOGO-white-2024-1-1.png","og:image:width":353,"og:image:height":163,"article:published_time":"2021-09-23T03:28:41+00:00","article:modified_time":"2024-03-21T09:43:02+00:00","twitter:card":"summary_large_image","twitter:title":"Blog - Mallorca","twitter:description":"Refrigeraci\u00f3n y aire acondicionado en Mallorca Su gu\u00eda para el aire acondicionado","twitter:image":"https:\/\/kkpeters.es\/wp-content\/uploads\/2024\/03\/LOGO-white-2024-1-1.png"},"aioseo_meta_data":{"post_id":"11444","title":null,"description":null,"keywords":null,"keyphrases":null,"primary_term":null,"canonical_url":null,"og_title":null,"og_description":null,"og_object_type":"default","og_image_type":"default","og_image_url":null,"og_image_width":null,"og_image_height":null,"og_image_custom_url":null,"og_image_custom_fields":null,"og_video":null,"og_custom_url":null,"og_article_section":null,"og_article_tags":null,"twitter_use_og":false,"twitter_card":"default","twitter_image_type":"default","twitter_image_url":null,"twitter_image_custom_url":null,"twitter_image_custom_fields":null,"twitter_title":null,"twitter_description":null,"schema":{"blockGraphs":[],"customGraphs":[],"default":{"data":{"Article":[],"Course":[],"Dataset":[],"FAQPage":[],"Movie":[],"Person":[],"Product":[],"ProductReview":[],"Car":[],"Recipe":[],"Service":[],"SoftwareApplication":[],"WebPage":[]},"graphName":"","isEnabled":true},"graphs":[]},"schema_type":"default","schema_type_options":null,"pillar_content":false,"robots_default":true,"robots_noindex":false,"robots_noarchive":false,"robots_nosnippet":false,"robots_nofollow":false,"robots_noimageindex":false,"robots_noodp":false,"robots_notranslate":false,"robots_max_snippet":null,"robots_max_videopreview":null,"robots_max_imagepreview":"large","priority":null,"frequency":null,"local_seo":null,"seo_analyzer_scan_date":"2025-08-14 16:39:18","breadcrumb_settings":null,"limit_modified_date":false,"reviewed_by":null,"open_ai":null,"ai":null,"created":"2024-05-16 00:01:12","updated":"2025-10-22 04:20:07"},"aioseo_breadcrumb":"<div class=\"aioseo-breadcrumbs\"><span class=\"aioseo-breadcrumb\">\n\t<a href=\"https:\/\/kkpeters.es\/es\/\" title=\"Zu Hause\">Zu Hause<\/a>\n<\/span><span class=\"aioseo-breadcrumb-separator\">&raquo;<\/span><span class=\"aioseo-breadcrumb\">\n\tBlog\n<\/span><\/div>","aioseo_breadcrumb_json":[{"label":"Zu Hause","link":"https:\/\/kkpeters.es\/es\/"},{"label":"Blog","link":"https:\/\/kkpeters.es\/es\/blog\/"}],"_links":{"self":[{"href":"https:\/\/kkpeters.es\/es\/wp-json\/wp\/v2\/pages\/11444","targetHints":{"allow":["GET"]}}],"collection":[{"href":"https:\/\/kkpeters.es\/es\/wp-json\/wp\/v2\/pages"}],"about":[{"href":"https:\/\/kkpeters.es\/es\/wp-json\/wp\/v2\/types\/page"}],"author":[{"embeddable":true,"href":"https:\/\/kkpeters.es\/es\/wp-json\/wp\/v2\/users\/1"}],"replies":[{"embeddable":true,"href":"https:\/\/kkpeters.es\/es\/wp-json\/wp\/v2\/comments?post=11444"}],"version-history":[{"count":9,"href":"https:\/\/kkpeters.es\/es\/wp-json\/wp\/v2\/pages\/11444\/revisions"}],"predecessor-version":[{"id":11690,"href":"https:\/\/kkpeters.es\/es\/wp-json\/wp\/v2\/pages\/11444\/revisions\/11690"}],"wp:attachment":[{"href":"https:\/\/kkpeters.es\/es\/wp-json\/wp\/v2\/media?parent=11444"}],"curies":[{"name":"wp","href":"https:\/\/api.w.org\/{rel}","templated":true}]}}